{"id":9091,"date":"2025-02-19T16:56:17","date_gmt":"2025-02-19T19:56:17","guid":{"rendered":"https:\/\/womakerscode.org\/?page_id=9091"},"modified":"2025-10-08T17:02:46","modified_gmt":"2025-10-08T20:02:46","slug":"ouvidoria","status":"publish","type":"page","link":"https:\/\/womakerscode.org\/es\/ouvidoria\/","title":{"rendered":"Ouvidoria"},"content":{"rendered":"<div data-elementor-type=\"wp-page\" data-elementor-id=\"9091\" class=\"elementor elementor-9091\" data-elementor-post-type=\"page\">\n\t\t\t\t\t\t<section class=\"elementor-section elementor-top-section elementor-element elementor-element-c582eae elementor-section-content-middle elementor-section-full_width elementor-section-height-default elementor-section-height-default\" data-id=\"c582eae\" data-element_type=\"section\" data-settings=\"{&quot;background_background&quot;:&quot;classic&quot;}\">\n\t\t\t\t\t\t<div class=\"elementor-container elementor-column-gap-no\">\n\t\t\t\t\t<div class=\"elementor-column elementor-col-100 elementor-top-column elementor-element elementor-element-19ac27ca\" data-id=\"19ac27ca\" data-element_type=\"column\">\n\t\t\t<div class=\"elementor-widget-wrap elementor-element-populated\">\n\t\t\t\t\t\t<div class=\"elementor-element elementor-element-3cfb9420 elementor-widget elementor-widget-heading\" data-id=\"3cfb9420\" data-element_type=\"widget\" data-widget_type=\"heading.default\">\n\t\t\t\t<div class=\"elementor-widget-container\">\n\t\t\t\t\t<h1 class=\"elementor-heading-title elementor-size-default\">Ouvidoria<\/h1>\t\t\t\t<\/div>\n\t\t\t\t<\/div>\n\t\t\t\t<div class=\"elementor-element elementor-element-89edebb elementor-widget elementor-widget-heading\" data-id=\"89edebb\" data-element_type=\"widget\" data-widget_type=\"heading.default\">\n\t\t\t\t<div class=\"elementor-widget-container\">\n\t\t\t\t\t<p class=\"elementor-heading-title elementor-size-default\">Atrav\u00e9s deste formul\u00e1rio, voc\u00ea pode registrar elogios, sugest\u00f5es, reclama\u00e7\u00f5es ou denuncias sobre nossos servi\u00e7os. <br>Sua contribui\u00e7\u00e3o nos ajuda a melhorar continuamente nosso trabalho.<\/p>\t\t\t\t<\/div>\n\t\t\t\t<\/div>\n\t\t\t\t\t<\/div>\n\t\t<\/div>\n\t\t\t\t\t<\/div>\n\t\t<\/section>\n\t\t\t\t<section class=\"elementor-section elementor-top-section elementor-element elementor-element-76c0340 elementor-section-full_width elementor-section-height-default elementor-section-height-default\" data-id=\"76c0340\" data-element_type=\"section\" data-settings=\"{&quot;background_background&quot;:&quot;classic&quot;}\">\n\t\t\t\t\t\t<div class=\"elementor-container elementor-column-gap-default\">\n\t\t\t\t\t<div class=\"elementor-column elementor-col-100 elementor-top-column elementor-element elementor-element-962135f\" data-id=\"962135f\" data-element_type=\"column\">\n\t\t\t<div class=\"elementor-widget-wrap elementor-element-populated\">\n\t\t\t\t\t\t<section class=\"elementor-section elementor-inner-section elementor-element elementor-element-5bc18b9 elementor-section-boxed elementor-section-height-default elementor-section-height-default\" data-id=\"5bc18b9\" data-element_type=\"section\">\n\t\t\t\t\t\t<div class=\"elementor-container elementor-column-gap-default\">\n\t\t\t\t\t<div class=\"elementor-column elementor-col-100 elementor-inner-column elementor-element elementor-element-bbb720d\" data-id=\"bbb720d\" data-element_type=\"column\" data-settings=\"{&quot;background_background&quot;:&quot;classic&quot;}\">\n\t\t\t<div class=\"elementor-widget-wrap elementor-element-populated\">\n\t\t\t\t\t\t<div class=\"elementor-element elementor-element-376a3da elementor-button-align-start elementor-mobile-button-align-center elementor-widget elementor-widget-form\" data-id=\"376a3da\" data-element_type=\"widget\" data-settings=\"{&quot;step_next_label&quot;:&quot;Pr\\u00f3ximo&quot;,&quot;step_previous_label&quot;:&quot;Anterior&quot;,&quot;button_width&quot;:&quot;100&quot;,&quot;step_type&quot;:&quot;number_text&quot;,&quot;step_icon_shape&quot;:&quot;circle&quot;}\" data-widget_type=\"form.default\">\n\t\t\t\t<div class=\"elementor-widget-container\">\n\t\t\t\t\t\t\t<form class=\"elementor-form\" method=\"post\" id=\"contato_site\" name=\"Contato_Site\" aria-label=\"Contato_Site\" novalidate=\"\" action=\"\">\n\t\t\t<input type=\"hidden\" name=\"post_id\" value=\"9091\"\/>\n\t\t\t<input type=\"hidden\" name=\"form_id\" value=\"376a3da\"\/>\n\t\t\t<input type=\"hidden\" name=\"referer_title\" value=\"Ouvidoria &#8212; WoMakersCode\" \/>\n\n\t\t\t\t\t\t\t<input type=\"hidden\" name=\"queried_id\" value=\"9091\"\/>\n\t\t\t\n\t\t\t<div class=\"elementor-form-fields-wrapper elementor-labels-above\">\n\t\t\t\t\t\t\t\t<div class=\"elementor-field-type-text elementor-field-group elementor-column elementor-field-group-nome elementor-col-100 elementor-field-required elementor-mark-required\">\n\t\t\t\t\t\t\t\t\t\t\t\t<label for=\"form-field-nome\" class=\"elementor-field-label\">\n\t\t\t\t\t\t\t\tSeu nome\t\t\t\t\t\t\t<\/label>\n\t\t\t\t\t\t\t\t\t\t\t\t\t\t<input size=\"1\" type=\"text\" name=\"form_fields[nome]\" id=\"form-field-nome\" class=\"elementor-field elementor-size-sm  elementor-field-textual\" placeholder=\"Julia\" required=\"required\">\n\t\t\t\t\t\t\t\t\t\t\t<\/div>\n\t\t\t\t\t\t\t\t<div class=\"elementor-field-type-text elementor-field-group elementor-column elementor-field-group-email elementor-col-100 elementor-field-required elementor-mark-required\">\n\t\t\t\t\t\t\t\t\t\t\t\t<label for=\"form-field-email\" class=\"elementor-field-label\">\n\t\t\t\t\t\t\t\tSeu E-mail\t\t\t\t\t\t\t<\/label>\n\t\t\t\t\t\t\t\t\t\t\t\t\t\t<input size=\"1\" type=\"text\" name=\"form_fields[email]\" id=\"form-field-email\" class=\"elementor-field elementor-size-sm  elementor-field-textual\" placeholder=\"julia@empresa.com.br\" required=\"required\">\n\t\t\t\t\t\t\t\t\t\t\t<\/div>\n\t\t\t\t\t\t\t\t<div class=\"elementor-field-type-tel elementor-field-group elementor-column elementor-field-group-field_358e94e elementor-col-50 elementor-field-required elementor-mark-required\">\n\t\t\t\t\t\t\t\t\t\t\t\t<label for=\"form-field-field_358e94e\" class=\"elementor-field-label\">\n\t\t\t\t\t\t\t\tTelefone\t\t\t\t\t\t\t<\/label>\n\t\t\t\t\t\t\t\t<input size=\"1\" type=\"tel\" name=\"form_fields[field_358e94e]\" id=\"form-field-field_358e94e\" class=\"elementor-field elementor-size-sm  elementor-field-textual\" placeholder=\"11 999998888\" required=\"required\" pattern=\"[0-9()#&amp;+*-=.]+\" title=\"Apenas n\u00fameros e caracteres de telefone (#, -, *, etc.) s\u00e3o aceitos.\">\n\n\t\t\t\t\t\t<\/div>\n\t\t\t\t\t\t\t\t<div class=\"elementor-field-type-select elementor-field-group elementor-column elementor-field-group-04fbb9f elementor-col-50 elementor-field-required elementor-mark-required\">\n\t\t\t\t\t\t\t\t\t\t\t\t<label for=\"form-field-04fbb9f\" class=\"elementor-field-label\">\n\t\t\t\t\t\t\t\tRela\u00e7\u00e3o com a ONG\t\t\t\t\t\t\t<\/label>\n\t\t\t\t\t\t\t\t<div class=\"elementor-field elementor-select-wrapper remove-before\">\n\t\t\t<div class=\"select-caret-down-wrapper\">\n\t\t\t\t<svg aria-hidden=\"true\" class=\"e-font-icon-svg e-eicon-caret-down\" viewbox=\"0 0 571.4 571.4\" xmlns=\"http:\/\/www.w3.org\/2000\/svg\"><path d=\"M571 393Q571 407 561 418L311 668Q300 679 286 679T261 668L11 418Q0 407 0 393T11 368 36 357H536Q550 357 561 368T571 393Z\"><\/path><\/svg>\t\t\t<\/div>\n\t\t\t<select name=\"form_fields[04fbb9f]\" id=\"form-field-04fbb9f\" class=\"elementor-field-textual elementor-size-sm\" required=\"required\">\n\t\t\t\t\t\t\t\t\t<option value=\"Selecione\" selected=\"selected\">Selecione<\/option>\n\t\t\t\t\t\t\t\t\t<option value=\"Participante de cursos\/bootcamps\">Participante de cursos\/bootcamps<\/option>\n\t\t\t\t\t\t\t\t\t<option value=\"Mentorada\">Mentorada<\/option>\n\t\t\t\t\t\t\t\t\t<option value=\"Mentora volunt\u00e1ria\">Mentora volunt\u00e1ria<\/option>\n\t\t\t\t\t\t\t\t\t<option value=\"Instrutora\">Instrutora<\/option>\n\t\t\t\t\t\t\t\t\t<option value=\"Palestrante\/convidada\">Palestrante\/convidada<\/option>\n\t\t\t\t\t\t\t\t\t<option value=\"Volunt\u00e1ria em outras \u00e1reas\">Volunt\u00e1ria em outras \u00e1reas<\/option>\n\t\t\t\t\t\t\t\t\t<option value=\"Representante de empresa\/parceira\">Representante de empresa\/parceira<\/option>\n\t\t\t\t\t\t\t\t\t<option value=\"Interessada em participar\">Interessada em participar<\/option>\n\t\t\t\t\t\t\t\t\t<option value=\"Outro (com campo para descri\u00e7\u00e3o)\">Outro (com campo para descri\u00e7\u00e3o)<\/option>\n\t\t\t\t\t\t\t<\/select>\n\t\t<\/div>\n\t\t\t\t\t\t<\/div>\n\t\t\t\t\t\t\t\t<div class=\"elementor-field-type-select elementor-field-group elementor-column elementor-field-group-field_f6769af elementor-col-50 elementor-field-required elementor-mark-required\">\n\t\t\t\t\t\t\t\t\t\t\t\t<label for=\"form-field-field_f6769af\" class=\"elementor-field-label\">\n\t\t\t\t\t\t\t\tTipo de Manifesta\u00e7\u00e3o\t\t\t\t\t\t\t<\/label>\n\t\t\t\t\t\t\t\t<div class=\"elementor-field elementor-select-wrapper remove-before\">\n\t\t\t<div class=\"select-caret-down-wrapper\">\n\t\t\t\t<svg aria-hidden=\"true\" class=\"e-font-icon-svg e-eicon-caret-down\" viewbox=\"0 0 571.4 571.4\" xmlns=\"http:\/\/www.w3.org\/2000\/svg\"><path d=\"M571 393Q571 407 561 418L311 668Q300 679 286 679T261 668L11 418Q0 407 0 393T11 368 36 357H536Q550 357 561 368T571 393Z\"><\/path><\/svg>\t\t\t<\/div>\n\t\t\t<select name=\"form_fields[field_f6769af]\" id=\"form-field-field_f6769af\" class=\"elementor-field-textual elementor-size-sm\" required=\"required\">\n\t\t\t\t\t\t\t\t\t<option value=\"Selecione\" selected=\"selected\">Selecione<\/option>\n\t\t\t\t\t\t\t\t\t<option value=\"Elogio\">Elogio<\/option>\n\t\t\t\t\t\t\t\t\t<option value=\"Reclama\u00e7\u00e3o\">Reclama\u00e7\u00e3o<\/option>\n\t\t\t\t\t\t\t\t\t<option value=\"Sugest\u00e3o\">Sugest\u00e3o<\/option>\n\t\t\t\t\t\t\t\t\t<option value=\"Den\u00fancia\">Den\u00fancia<\/option>\n\t\t\t\t\t\t\t\t\t<option value=\"Solicita\u00e7\u00e3o de informa\u00e7\u00e3o\">Solicita\u00e7\u00e3o de informa\u00e7\u00e3o<\/option>\n\t\t\t\t\t\t\t\t\t<option value=\"Problema t\u00e9cnico (plataforma, site, inscri\u00e7\u00e3o)\">Problema t\u00e9cnico (plataforma, site, inscri\u00e7\u00e3o)<\/option>\n\t\t\t\t\t\t\t\t\t<option value=\"Outro (com campo para descri\u00e7\u00e3o)\">Outro (com campo para descri\u00e7\u00e3o)<\/option>\n\t\t\t\t\t\t\t<\/select>\n\t\t<\/div>\n\t\t\t\t\t\t<\/div>\n\t\t\t\t\t\t\t\t<div class=\"elementor-field-type-text elementor-field-group elementor-column elementor-field-group-field_60b1176 elementor-col-50 elementor-field-required elementor-mark-required\">\n\t\t\t\t\t\t\t\t\t\t\t\t<label for=\"form-field-field_60b1176\" class=\"elementor-field-label\">\n\t\t\t\t\t\t\t\tAssunto\t\t\t\t\t\t\t<\/label>\n\t\t\t\t\t\t\t\t\t\t\t\t\t\t<input size=\"1\" type=\"text\" name=\"form_fields[field_60b1176]\" id=\"form-field-field_60b1176\" class=\"elementor-field elementor-size-sm  elementor-field-textual\" placeholder=\"Assunto\" required=\"required\">\n\t\t\t\t\t\t\t\t\t\t\t<\/div>\n\t\t\t\t\t\t\t\t<div class=\"elementor-field-type-textarea elementor-field-group elementor-column elementor-field-group-field_364a390 elementor-col-100 elementor-field-required elementor-mark-required\">\n\t\t\t\t\t\t\t\t\t\t\t\t<label for=\"form-field-field_364a390\" class=\"elementor-field-label\">\n\t\t\t\t\t\t\t\tMensagem\t\t\t\t\t\t\t<\/label>\n\t\t\t\t\t\t<textarea class=\"elementor-field-textual elementor-field  elementor-size-sm\" name=\"form_fields[field_364a390]\" id=\"form-field-field_364a390\" rows=\"4\" required=\"required\"><\/textarea>\t\t\t\t<\/div>\n\t\t\t\t\t\t\t\t<div class=\"elementor-field-type-recaptcha_v3 elementor-field-group elementor-column elementor-field-group-field_f24705f elementor-col-100 recaptcha_v3-inline\">\n\t\t\t\t\t<div class=\"elementor-field\" id=\"form-field-field_f24705f\"><div class=\"elementor-g-recaptcha\" data-sitekey=\"6Le4NzArAAAAAMJ0NkPv_B1f1maZo5l4k3YduGVz\" data-type=\"v3\" data-action=\"Form\" data-badge=\"inline\" data-size=\"invisible\"><\/div><\/div>\t\t\t\t<\/div>\n\t\t\t\t\t\t\t\t<div class=\"elementor-field-group elementor-column elementor-field-type-submit elementor-col-100 e-form__buttons\">\n\t\t\t\t\t<button class=\"elementor-button elementor-size-md\" type=\"submit\">\n\t\t\t\t\t\t<span class=\"elementor-button-content-wrapper\">\n\t\t\t\t\t\t\t\t\t\t\t\t\t\t\t\t\t\t\t\t\t\t<span class=\"elementor-button-text\">Enviar formul\u00e1rio<\/span>\n\t\t\t\t\t\t\t\t\t\t\t\t\t<\/span>\n\t\t\t\t\t<\/button>\n\t\t\t\t<\/div>\n\t\t\t<\/div>\n\t\t<input type=\"hidden\" name=\"trp-form-language\" value=\"es\"\/><\/form>\n\t\t\t\t\t\t<\/div>\n\t\t\t\t<\/div>\n\t\t\t\t\t<\/div>\n\t\t<\/div>\n\t\t\t\t\t<\/div>\n\t\t<\/section>\n\t\t\t\t\t<\/div>\n\t\t<\/div>\n\t\t\t\t\t<\/div>\n\t\t<\/section>\n\t\t\t\t<\/div>","protected":false},"excerpt":{"rendered":"<p>Envie seus elogios, sugest\u00f5es, reclama\u00e7\u00f5es ou den\u00fancias atrav\u00e9s do nosso formul\u00e1rio e ajude-nos a melhorar nossos programas.<\/p>","protected":false},"author":5,"featured_media":1720,"parent":0,"menu_order":0,"comment_status":"closed","ping_status":"closed","template":"","meta":{"_acf_changed":false,"footnotes":""},"class_list":["post-9091","page","type-page","status-publish","has-post-thumbnail","hentry"],"acf":[],"yoast_head":"<!-- This site is optimized with the Yoast SEO plugin v26.1.1 - https:\/\/yoast.com\/wordpress\/plugins\/seo\/ -->\n<title>Ouvidoria &#8212; WoMakersCode<\/title>\n<meta name=\"description\" content=\"Fale com a WoMakersCode sobre projetos, parcerias e mulheres na tecnologia!\" \/>\n<meta name=\"robots\" content=\"index, follow, max-snippet:-1, max-image-preview:large, max-video-preview:-1\" \/>\n<link rel=\"canonical\" href=\"https:\/\/womakerscode.org\/es\/ouvidoria\/\" \/>\n<meta property=\"og:locale\" content=\"es_MX\" \/>\n<meta property=\"og:type\" content=\"article\" \/>\n<meta property=\"og:title\" content=\"Ouvidoria &#8212; WoMakersCode\" \/>\n<meta property=\"og:description\" content=\"Fale com a WoMakersCode sobre projetos, parcerias e mulheres na tecnologia!\" \/>\n<meta property=\"og:url\" content=\"https:\/\/womakerscode.org\/es\/ouvidoria\/\" \/>\n<meta property=\"og:site_name\" content=\"WoMakersCode\" \/>\n<meta property=\"article:publisher\" content=\"https:\/\/www.facebook.com\/womakerscode\/\" \/>\n<meta property=\"article:modified_time\" content=\"2025-10-08T20:02:46+00:00\" \/>\n<meta property=\"og:image\" content=\"https:\/\/womakerscode.org\/wp-content\/uploads\/2023\/07\/cover-front.jpg\" \/>\n\t<meta property=\"og:image:width\" content=\"1280\" \/>\n\t<meta property=\"og:image:height\" content=\"720\" \/>\n\t<meta property=\"og:image:type\" content=\"image\/jpeg\" \/>\n<meta name=\"twitter:card\" content=\"summary_large_image\" \/>\n<meta name=\"twitter:site\" content=\"@womakerscode\" \/>\n<meta name=\"twitter:label1\" content=\"Tiempo de lectura\" \/>\n\t<meta name=\"twitter:data1\" content=\"1 minuto\" \/>\n<script type=\"application\/ld+json\" class=\"yoast-schema-graph\">{\"@context\":\"https:\/\/schema.org\",\"@graph\":[{\"@type\":\"WebPage\",\"@id\":\"https:\/\/womakerscode.org\/ouvidoria\/\",\"url\":\"https:\/\/womakerscode.org\/ouvidoria\/\",\"name\":\"Ouvidoria &#8212; WoMakersCode\",\"isPartOf\":{\"@id\":\"https:\/\/womakerscode.org\/#website\"},\"primaryImageOfPage\":{\"@id\":\"https:\/\/womakerscode.org\/ouvidoria\/#primaryimage\"},\"image\":{\"@id\":\"https:\/\/womakerscode.org\/ouvidoria\/#primaryimage\"},\"thumbnailUrl\":\"https:\/\/womakerscode.org\/wp-content\/uploads\/2023\/07\/cover-front.jpg\",\"datePublished\":\"2025-02-19T19:56:17+00:00\",\"dateModified\":\"2025-10-08T20:02:46+00:00\",\"description\":\"Fale com a WoMakersCode sobre projetos, parcerias e mulheres na tecnologia!\",\"breadcrumb\":{\"@id\":\"https:\/\/womakerscode.org\/ouvidoria\/#breadcrumb\"},\"inLanguage\":\"es\",\"potentialAction\":[{\"@type\":\"ReadAction\",\"target\":[\"https:\/\/womakerscode.org\/ouvidoria\/\"]}]},{\"@type\":\"ImageObject\",\"inLanguage\":\"es\",\"@id\":\"https:\/\/womakerscode.org\/ouvidoria\/#primaryimage\",\"url\":\"https:\/\/womakerscode.org\/wp-content\/uploads\/2023\/07\/cover-front.jpg\",\"contentUrl\":\"https:\/\/womakerscode.org\/wp-content\/uploads\/2023\/07\/cover-front.jpg\",\"width\":1280,\"height\":720},{\"@type\":\"BreadcrumbList\",\"@id\":\"https:\/\/womakerscode.org\/ouvidoria\/#breadcrumb\",\"itemListElement\":[{\"@type\":\"ListItem\",\"position\":1,\"name\":\"blog\",\"item\":\"https:\/\/womakerscode.org\/\"},{\"@type\":\"ListItem\",\"position\":2,\"name\":\"Ouvidoria\"}]},{\"@type\":\"WebSite\",\"@id\":\"https:\/\/womakerscode.org\/#website\",\"url\":\"https:\/\/womakerscode.org\/\",\"name\":\"WoMakersCode\",\"description\":\"A WoMakersCode tem a miss\u00e3o de inspirar, educar e apoiar a empregabilidade de mulheres na \u00e1rea de tecnologia. Conhe\u00e7a nossos projetos!\",\"publisher\":{\"@id\":\"https:\/\/womakerscode.org\/#organization\"},\"potentialAction\":[{\"@type\":\"SearchAction\",\"target\":{\"@type\":\"EntryPoint\",\"urlTemplate\":\"https:\/\/womakerscode.org\/?s={search_term_string}\"},\"query-input\":{\"@type\":\"PropertyValueSpecification\",\"valueRequired\":true,\"valueName\":\"search_term_string\"}}],\"inLanguage\":\"es\"},{\"@type\":\"Organization\",\"@id\":\"https:\/\/womakerscode.org\/#organization\",\"name\":\"WoMakersCode\",\"url\":\"https:\/\/womakerscode.org\/\",\"logo\":{\"@type\":\"ImageObject\",\"inLanguage\":\"es\",\"@id\":\"https:\/\/womakerscode.org\/#\/schema\/logo\/image\/\",\"url\":\"https:\/\/womakerscode.org\/wp-content\/uploads\/2023\/07\/ong-womakerscode-thumb.png\",\"contentUrl\":\"https:\/\/womakerscode.org\/wp-content\/uploads\/2023\/07\/ong-womakerscode-thumb.png\",\"width\":855,\"height\":283,\"caption\":\"WoMakersCode\"},\"image\":{\"@id\":\"https:\/\/womakerscode.org\/#\/schema\/logo\/image\/\"},\"sameAs\":[\"https:\/\/www.facebook.com\/womakerscode\/\",\"https:\/\/x.com\/womakerscode\",\"https:\/\/www.linkedin.com\/company\/womakerscode\/\",\"https:\/\/instagram.com\/womakersgram\",\"https:\/\/www.youtube.com\/womakerscode\"]}]}<\/script>\n<!-- \/ Yoast SEO plugin. -->","yoast_head_json":{"title":"Ouvidoria &#8212; WoMakersCode","description":"Fale com a WoMakersCode sobre projetos, parcerias e mulheres na tecnologia!","robots":{"index":"index","follow":"follow","max-snippet":"max-snippet:-1","max-image-preview":"max-image-preview:large","max-video-preview":"max-video-preview:-1"},"canonical":"https:\/\/womakerscode.org\/es\/ouvidoria\/","og_locale":"es_MX","og_type":"article","og_title":"Ouvidoria &#8212; WoMakersCode","og_description":"Fale com a WoMakersCode sobre projetos, parcerias e mulheres na tecnologia!","og_url":"https:\/\/womakerscode.org\/es\/ouvidoria\/","og_site_name":"WoMakersCode","article_publisher":"https:\/\/www.facebook.com\/womakerscode\/","article_modified_time":"2025-10-08T20:02:46+00:00","og_image":[{"width":1280,"height":720,"url":"https:\/\/womakerscode.org\/wp-content\/uploads\/2023\/07\/cover-front.jpg","type":"image\/jpeg"}],"twitter_card":"summary_large_image","twitter_site":"@womakerscode","twitter_misc":{"Tiempo de lectura":"1 minuto"},"schema":{"@context":"https:\/\/schema.org","@graph":[{"@type":"WebPage","@id":"https:\/\/womakerscode.org\/ouvidoria\/","url":"https:\/\/womakerscode.org\/ouvidoria\/","name":"Ouvidoria &#8212; WoMakersCode","isPartOf":{"@id":"https:\/\/womakerscode.org\/#website"},"primaryImageOfPage":{"@id":"https:\/\/womakerscode.org\/ouvidoria\/#primaryimage"},"image":{"@id":"https:\/\/womakerscode.org\/ouvidoria\/#primaryimage"},"thumbnailUrl":"https:\/\/womakerscode.org\/wp-content\/uploads\/2023\/07\/cover-front.jpg","datePublished":"2025-02-19T19:56:17+00:00","dateModified":"2025-10-08T20:02:46+00:00","description":"Fale com a WoMakersCode sobre projetos, parcerias e mulheres na tecnologia!","breadcrumb":{"@id":"https:\/\/womakerscode.org\/ouvidoria\/#breadcrumb"},"inLanguage":"es","potentialAction":[{"@type":"ReadAction","target":["https:\/\/womakerscode.org\/ouvidoria\/"]}]},{"@type":"ImageObject","inLanguage":"es","@id":"https:\/\/womakerscode.org\/ouvidoria\/#primaryimage","url":"https:\/\/womakerscode.org\/wp-content\/uploads\/2023\/07\/cover-front.jpg","contentUrl":"https:\/\/womakerscode.org\/wp-content\/uploads\/2023\/07\/cover-front.jpg","width":1280,"height":720},{"@type":"BreadcrumbList","@id":"https:\/\/womakerscode.org\/ouvidoria\/#breadcrumb","itemListElement":[{"@type":"ListItem","position":1,"name":"blog","item":"https:\/\/womakerscode.org\/"},{"@type":"ListItem","position":2,"name":"Ouvidoria"}]},{"@type":"WebSite","@id":"https:\/\/womakerscode.org\/#website","url":"https:\/\/womakerscode.org\/","name":"WoMakersCode","description":"A WoMakersCode tem a miss\u00e3o de inspirar, educar e apoiar a empregabilidade de mulheres na \u00e1rea de tecnologia. Conhe\u00e7a nossos projetos!","publisher":{"@id":"https:\/\/womakerscode.org\/#organization"},"potentialAction":[{"@type":"SearchAction","target":{"@type":"EntryPoint","urlTemplate":"https:\/\/womakerscode.org\/?s={search_term_string}"},"query-input":{"@type":"PropertyValueSpecification","valueRequired":true,"valueName":"search_term_string"}}],"inLanguage":"es"},{"@type":"Organization","@id":"https:\/\/womakerscode.org\/#organization","name":"WoMakersCode","url":"https:\/\/womakerscode.org\/","logo":{"@type":"ImageObject","inLanguage":"es","@id":"https:\/\/womakerscode.org\/#\/schema\/logo\/image\/","url":"https:\/\/womakerscode.org\/wp-content\/uploads\/2023\/07\/ong-womakerscode-thumb.png","contentUrl":"https:\/\/womakerscode.org\/wp-content\/uploads\/2023\/07\/ong-womakerscode-thumb.png","width":855,"height":283,"caption":"WoMakersCode"},"image":{"@id":"https:\/\/womakerscode.org\/#\/schema\/logo\/image\/"},"sameAs":["https:\/\/www.facebook.com\/womakerscode\/","https:\/\/x.com\/womakerscode","https:\/\/www.linkedin.com\/company\/womakerscode\/","https:\/\/instagram.com\/womakersgram","https:\/\/www.youtube.com\/womakerscode"]}]}},"_links":{"self":[{"href":"https:\/\/womakerscode.org\/es\/wp-json\/wp\/v2\/pages\/9091","targetHints":{"allow":["GET"]}}],"collection":[{"href":"https:\/\/womakerscode.org\/es\/wp-json\/wp\/v2\/pages"}],"about":[{"href":"https:\/\/womakerscode.org\/es\/wp-json\/wp\/v2\/types\/page"}],"author":[{"embeddable":true,"href":"https:\/\/womakerscode.org\/es\/wp-json\/wp\/v2\/users\/5"}],"replies":[{"embeddable":true,"href":"https:\/\/womakerscode.org\/es\/wp-json\/wp\/v2\/comments?post=9091"}],"version-history":[{"count":25,"href":"https:\/\/womakerscode.org\/es\/wp-json\/wp\/v2\/pages\/9091\/revisions"}],"predecessor-version":[{"id":13903,"href":"https:\/\/womakerscode.org\/es\/wp-json\/wp\/v2\/pages\/9091\/revisions\/13903"}],"wp:featuredmedia":[{"embeddable":true,"href":"https:\/\/womakerscode.org\/es\/wp-json\/wp\/v2\/media\/1720"}],"wp:attachment":[{"href":"https:\/\/womakerscode.org\/es\/wp-json\/wp\/v2\/media?parent=9091"}],"curies":[{"name":"wp","href":"https:\/\/api.w.org\/{rel}","templated":true}]}}