{"id":9086,"date":"2025-02-19T16:38:25","date_gmt":"2025-02-19T19:38:25","guid":{"rendered":"https:\/\/womakerscode.org\/?page_id=9086"},"modified":"2025-10-08T13:56:56","modified_gmt":"2025-10-08T16:56:56","slug":"contato","status":"publish","type":"page","link":"https:\/\/womakerscode.org\/es\/contato\/","title":{"rendered":"Contato"},"content":{"rendered":"<div data-elementor-type=\"wp-page\" data-elementor-id=\"9086\" class=\"elementor elementor-9086\" data-elementor-post-type=\"page\">\n\t\t\t\t\t\t<section class=\"elementor-section elementor-top-section elementor-element elementor-element-85d5162 elementor-section-full_width elementor-section-height-default elementor-section-height-default\" data-id=\"85d5162\" data-element_type=\"section\" data-settings=\"{&quot;background_background&quot;:&quot;classic&quot;}\">\n\t\t\t\t\t\t\t<div class=\"elementor-background-overlay\"><\/div>\n\t\t\t\t\t\t\t<div class=\"elementor-container elementor-column-gap-default\">\n\t\t\t\t\t<div class=\"elementor-column elementor-col-100 elementor-top-column elementor-element elementor-element-b67b0f8\" data-id=\"b67b0f8\" data-element_type=\"column\">\n\t\t\t<div class=\"elementor-widget-wrap elementor-element-populated\">\n\t\t\t\t\t\t<div class=\"elementor-element elementor-element-86f6bfa elementor-widget elementor-widget-heading\" data-id=\"86f6bfa\" data-element_type=\"widget\" data-widget_type=\"heading.default\">\n\t\t\t\t<div class=\"elementor-widget-container\">\n\t\t\t\t\t<h1 class=\"elementor-heading-title elementor-size-default\">Fale com WoMakersCode<\/h1>\t\t\t\t<\/div>\n\t\t\t\t<\/div>\n\t\t\t\t<section class=\"elementor-section elementor-inner-section elementor-element elementor-element-cf062d8 elementor-section-boxed elementor-section-height-default elementor-section-height-default\" data-id=\"cf062d8\" data-element_type=\"section\">\n\t\t\t\t\t\t<div class=\"elementor-container elementor-column-gap-default\">\n\t\t\t\t\t<div class=\"elementor-column elementor-col-50 elementor-inner-column elementor-element elementor-element-d54dbef\" data-id=\"d54dbef\" data-element_type=\"column\">\n\t\t\t<div class=\"elementor-widget-wrap elementor-element-populated\">\n\t\t\t\t\t\t<div class=\"elementor-element elementor-element-bd2c73b elementor-align-right elementor-mobile-align-center elementor-widget elementor-widget-button\" data-id=\"bd2c73b\" data-element_type=\"widget\" data-widget_type=\"button.default\">\n\t\t\t\t<div class=\"elementor-widget-container\">\n\t\t\t\t\t\t\t\t\t<div class=\"elementor-button-wrapper\">\n\t\t\t\t\t<a class=\"elementor-button elementor-button-link elementor-size-lg\" href=\"mailto:marketing@womakerscode.org\">\n\t\t\t\t\t\t<span class=\"elementor-button-content-wrapper\">\n\t\t\t\t\t\t\t\t\t<span class=\"elementor-button-text\">Assessoria de Imprensa<\/span>\n\t\t\t\t\t<\/span>\n\t\t\t\t\t<\/a>\n\t\t\t\t<\/div>\n\t\t\t\t\t\t\t\t<\/div>\n\t\t\t\t<\/div>\n\t\t\t\t\t<\/div>\n\t\t<\/div>\n\t\t\t\t<div class=\"elementor-column elementor-col-50 elementor-inner-column elementor-element elementor-element-1ca99c7\" data-id=\"1ca99c7\" data-element_type=\"column\">\n\t\t\t<div class=\"elementor-widget-wrap elementor-element-populated\">\n\t\t\t\t\t\t<div class=\"elementor-element elementor-element-377d97d elementor-align-left elementor-mobile-align-center elementor-widget elementor-widget-button\" data-id=\"377d97d\" data-element_type=\"widget\" data-widget_type=\"button.default\">\n\t\t\t\t<div class=\"elementor-widget-container\">\n\t\t\t\t\t\t\t\t\t<div class=\"elementor-button-wrapper\">\n\t\t\t\t\t<a class=\"elementor-button elementor-button-link elementor-size-lg\" href=\"https:\/\/womakerscode.org\/es\/para-empresa\/\">\n\t\t\t\t\t\t<span class=\"elementor-button-content-wrapper\">\n\t\t\t\t\t\t\t\t\t<span class=\"elementor-button-text\">Para Empresas<\/span>\n\t\t\t\t\t<\/span>\n\t\t\t\t\t<\/a>\n\t\t\t\t<\/div>\n\t\t\t\t\t\t\t\t<\/div>\n\t\t\t\t<\/div>\n\t\t\t\t\t<\/div>\n\t\t<\/div>\n\t\t\t\t\t<\/div>\n\t\t<\/section>\n\t\t\t\t\t<\/div>\n\t\t<\/div>\n\t\t\t\t\t<\/div>\n\t\t<\/section>\n\t\t\t\t<section class=\"elementor-section elementor-top-section elementor-element elementor-element-c582eae elementor-section-full_width elementor-section-height-default elementor-section-height-default\" data-id=\"c582eae\" data-element_type=\"section\" data-settings=\"{&quot;background_background&quot;:&quot;classic&quot;}\">\n\t\t\t\t\t\t<div class=\"elementor-container elementor-column-gap-default\">\n\t\t\t\t\t<div class=\"elementor-column elementor-col-100 elementor-top-column elementor-element elementor-element-19ac27ca\" data-id=\"19ac27ca\" data-element_type=\"column\">\n\t\t\t<div class=\"elementor-widget-wrap elementor-element-populated\">\n\t\t\t\t\t\t<section class=\"elementor-section elementor-inner-section elementor-element elementor-element-3c1d0ee elementor-section-full_width elementor-section-height-default elementor-section-height-default\" data-id=\"3c1d0ee\" data-element_type=\"section\">\n\t\t\t\t\t\t<div class=\"elementor-container elementor-column-gap-default\">\n\t\t\t\t\t<div class=\"elementor-column elementor-col-50 elementor-inner-column elementor-element elementor-element-116cfc2\" data-id=\"116cfc2\" data-element_type=\"column\" data-settings=\"{&quot;background_background&quot;:&quot;classic&quot;}\">\n\t\t\t<div class=\"elementor-widget-wrap elementor-element-populated\">\n\t\t\t\t\t\t<div class=\"elementor-element elementor-element-efc6d2a elementor-button-align-start elementor-mobile-button-align-center elementor-widget elementor-widget-form\" data-id=\"efc6d2a\" data-element_type=\"widget\" data-settings=\"{&quot;step_next_label&quot;:&quot;Pr\\u00f3ximo&quot;,&quot;step_previous_label&quot;:&quot;Anterior&quot;,&quot;button_width&quot;:&quot;100&quot;,&quot;step_type&quot;:&quot;number_text&quot;,&quot;step_icon_shape&quot;:&quot;circle&quot;}\" data-widget_type=\"form.default\">\n\t\t\t\t<div class=\"elementor-widget-container\">\n\t\t\t\t\t\t\t<form class=\"elementor-form\" method=\"post\" id=\"contato_site\" name=\"Contato_Site\" aria-label=\"Contato_Site\" novalidate=\"\" action=\"\">\n\t\t\t<input type=\"hidden\" name=\"post_id\" value=\"9086\"\/>\n\t\t\t<input type=\"hidden\" name=\"form_id\" value=\"efc6d2a\"\/>\n\t\t\t<input type=\"hidden\" name=\"referer_title\" value=\"Contato &#8212; WoMakersCode\" \/>\n\n\t\t\t\t\t\t\t<input type=\"hidden\" name=\"queried_id\" value=\"9086\"\/>\n\t\t\t\n\t\t\t<div class=\"elementor-form-fields-wrapper elementor-labels-above\">\n\t\t\t\t\t\t\t\t<div class=\"elementor-field-type-text elementor-field-group elementor-column elementor-field-group-nome elementor-col-100 elementor-field-required elementor-mark-required\">\n\t\t\t\t\t\t\t\t\t\t\t\t<label for=\"form-field-nome\" class=\"elementor-field-label\">\n\t\t\t\t\t\t\t\tSeu nome\t\t\t\t\t\t\t<\/label>\n\t\t\t\t\t\t\t\t\t\t\t\t\t\t<input size=\"1\" type=\"text\" name=\"form_fields[nome]\" id=\"form-field-nome\" class=\"elementor-field elementor-size-sm  elementor-field-textual\" placeholder=\"Julia\" required=\"required\">\n\t\t\t\t\t\t\t\t\t\t\t<\/div>\n\t\t\t\t\t\t\t\t<div class=\"elementor-field-type-text elementor-field-group elementor-column elementor-field-group-email elementor-col-100 elementor-field-required elementor-mark-required\">\n\t\t\t\t\t\t\t\t\t\t\t\t<label for=\"form-field-email\" class=\"elementor-field-label\">\n\t\t\t\t\t\t\t\tSeu E-mail\t\t\t\t\t\t\t<\/label>\n\t\t\t\t\t\t\t\t\t\t\t\t\t\t<input size=\"1\" type=\"text\" name=\"form_fields[email]\" id=\"form-field-email\" class=\"elementor-field elementor-size-sm  elementor-field-textual\" placeholder=\"julia@empresa.com.br\" required=\"required\">\n\t\t\t\t\t\t\t\t\t\t\t<\/div>\n\t\t\t\t\t\t\t\t<div class=\"elementor-field-type-text elementor-field-group elementor-column elementor-field-group-empresa elementor-col-50\">\n\t\t\t\t\t\t\t\t\t\t\t\t<label for=\"form-field-empresa\" class=\"elementor-field-label\">\n\t\t\t\t\t\t\t\tEmpresa\t\t\t\t\t\t\t<\/label>\n\t\t\t\t\t\t\t\t\t\t\t\t\t\t<input size=\"1\" type=\"text\" name=\"form_fields[empresa]\" id=\"form-field-empresa\" class=\"elementor-field elementor-size-sm  elementor-field-textual\" placeholder=\"Empresa\">\n\t\t\t\t\t\t\t\t\t\t\t<\/div>\n\t\t\t\t\t\t\t\t<div class=\"elementor-field-type-tel elementor-field-group elementor-column elementor-field-group-telefone elementor-col-50 elementor-field-required elementor-mark-required\">\n\t\t\t\t\t\t\t\t\t\t\t\t<label for=\"form-field-telefone\" class=\"elementor-field-label\">\n\t\t\t\t\t\t\t\tTelefone\t\t\t\t\t\t\t<\/label>\n\t\t\t\t\t\t\t\t<input size=\"1\" type=\"tel\" name=\"form_fields[telefone]\" id=\"form-field-telefone\" class=\"elementor-field elementor-size-sm  elementor-field-textual\" placeholder=\"11 999998888\" required=\"required\" pattern=\"[0-9()#&amp;+*-=.]+\" title=\"Apenas n\u00fameros e caracteres de telefone (#, -, *, etc.) s\u00e3o aceitos.\">\n\n\t\t\t\t\t\t<\/div>\n\t\t\t\t\t\t\t\t<div class=\"elementor-field-type-textarea elementor-field-group elementor-column elementor-field-group-mensagem elementor-col-100 elementor-field-required elementor-mark-required\">\n\t\t\t\t\t\t\t\t\t\t\t\t<label for=\"form-field-mensagem\" class=\"elementor-field-label\">\n\t\t\t\t\t\t\t\tMensagem\t\t\t\t\t\t\t<\/label>\n\t\t\t\t\t\t<textarea class=\"elementor-field-textual elementor-field  elementor-size-sm\" name=\"form_fields[mensagem]\" id=\"form-field-mensagem\" rows=\"4\" required=\"required\"><\/textarea>\t\t\t\t<\/div>\n\t\t\t\t\t\t\t\t<div class=\"elementor-field-type-recaptcha_v3 elementor-field-group elementor-column elementor-field-group-field_390d1ba elementor-col-100 recaptcha_v3-bottomright\">\n\t\t\t\t\t<div class=\"elementor-field\" id=\"form-field-field_390d1ba\"><div class=\"elementor-g-recaptcha\" data-sitekey=\"6Le4NzArAAAAAMJ0NkPv_B1f1maZo5l4k3YduGVz\" data-type=\"v3\" data-action=\"Form\" data-badge=\"bottomright\" data-size=\"invisible\"><\/div><\/div>\t\t\t\t<\/div>\n\t\t\t\t\t\t\t\t<div class=\"elementor-field-group elementor-column elementor-field-type-submit elementor-col-100 e-form__buttons\">\n\t\t\t\t\t<button class=\"elementor-button elementor-size-lg\" type=\"submit\">\n\t\t\t\t\t\t<span class=\"elementor-button-content-wrapper\">\n\t\t\t\t\t\t\t\t\t\t\t\t\t\t\t\t\t\t\t\t\t\t<span class=\"elementor-button-text\">Enviar formul\u00e1rio<\/span>\n\t\t\t\t\t\t\t\t\t\t\t\t\t<\/span>\n\t\t\t\t\t<\/button>\n\t\t\t\t<\/div>\n\t\t\t<\/div>\n\t\t<input type=\"hidden\" name=\"trp-form-language\" value=\"es\"\/><\/form>\n\t\t\t\t\t\t<\/div>\n\t\t\t\t<\/div>\n\t\t\t\t\t<\/div>\n\t\t<\/div>\n\t\t\t\t<div class=\"elementor-column elementor-col-50 elementor-inner-column elementor-element elementor-element-3897832\" data-id=\"3897832\" data-element_type=\"column\" data-settings=\"{&quot;background_background&quot;:&quot;classic&quot;}\">\n\t\t\t<div class=\"elementor-widget-wrap elementor-element-populated\">\n\t\t\t\t\t\t<div class=\"elementor-element elementor-element-8e4edd2 elementor-widget elementor-widget-heading\" data-id=\"8e4edd2\" data-element_type=\"widget\" data-widget_type=\"heading.default\">\n\t\t\t\t<div class=\"elementor-widget-container\">\n\t\t\t\t\t<h2 class=\"elementor-heading-title elementor-size-default\">Canal de Ouvidoria<\/h2>\t\t\t\t<\/div>\n\t\t\t\t<\/div>\n\t\t\t\t<div class=\"elementor-element elementor-element-5f91f88 elementor-widget elementor-widget-text-editor\" data-id=\"5f91f88\" data-element_type=\"widget\" data-widget_type=\"text-editor.default\">\n\t\t\t\t<div class=\"elementor-widget-container\">\n\t\t\t\t\t\t\t\t\t<p>Envie seus elogios, sugest\u00f5es, reclama\u00e7\u00f5es ou den\u00fancias atrav\u00e9s do nosso <span style=\"text-decoration: underline;\">canal de<\/span> <span style=\"text-decoration: underline;\">ouvidoria<\/span> e ajude-nos a melhorar nossos programas.<\/p>\t\t\t\t\t\t\t\t<\/div>\n\t\t\t\t<\/div>\n\t\t\t\t<div class=\"elementor-element elementor-element-d976cff elementor-align-center elementor-widget elementor-widget-button\" data-id=\"d976cff\" data-element_type=\"widget\" data-widget_type=\"button.default\">\n\t\t\t\t<div class=\"elementor-widget-container\">\n\t\t\t\t\t\t\t\t\t<div class=\"elementor-button-wrapper\">\n\t\t\t\t\t<a class=\"elementor-button elementor-button-link elementor-size-sm\" href=\"https:\/\/womakerscode.org\/es\/ouvidoria\/\">\n\t\t\t\t\t\t<span class=\"elementor-button-content-wrapper\">\n\t\t\t\t\t\t\t\t\t<span class=\"elementor-button-text\">Acessar Ouvidoria<\/span>\n\t\t\t\t\t<\/span>\n\t\t\t\t\t<\/a>\n\t\t\t\t<\/div>\n\t\t\t\t\t\t\t\t<\/div>\n\t\t\t\t<\/div>\n\t\t\t\t<div class=\"elementor-element elementor-element-7f6940a elementor-widget elementor-widget-heading\" data-id=\"7f6940a\" data-element_type=\"widget\" data-widget_type=\"heading.default\">\n\t\t\t\t<div class=\"elementor-widget-container\">\n\t\t\t\t\t<h2 class=\"elementor-heading-title elementor-size-default\">Suporte para Alunas<\/h2>\t\t\t\t<\/div>\n\t\t\t\t<\/div>\n\t\t\t\t<div class=\"elementor-element elementor-element-ccbd274 elementor-widget elementor-widget-text-editor\" data-id=\"ccbd274\" data-element_type=\"widget\" data-widget_type=\"text-editor.default\">\n\t\t\t\t<div class=\"elementor-widget-container\">\n\t\t\t\t\t\t\t\t\t<p>Se voc\u00ea \u00e9 uma aluna da WoMakersCode e precisa de suporte t\u00e9cnico relacionado a algum curso, por favor, utilize os canais dedicados aos nossos programas de forma\u00e7\u00e3o.<\/p>\t\t\t\t\t\t\t\t<\/div>\n\t\t\t\t<\/div>\n\t\t\t\t<div class=\"elementor-element elementor-element-c3a2c79 elementor-align-center elementor-widget elementor-widget-button\" data-id=\"c3a2c79\" data-element_type=\"widget\" data-widget_type=\"button.default\">\n\t\t\t\t<div class=\"elementor-widget-container\">\n\t\t\t\t\t\t\t\t\t<div class=\"elementor-button-wrapper\">\n\t\t\t\t\t<a class=\"elementor-button elementor-button-link elementor-size-sm\" href=\"https:\/\/maismulheresemtech.tawk.help\/\">\n\t\t\t\t\t\t<span class=\"elementor-button-content-wrapper\">\n\t\t\t\t\t\t\t\t\t<span class=\"elementor-button-text\">Mais Mulheres Tech<\/span>\n\t\t\t\t\t<\/span>\n\t\t\t\t\t<\/a>\n\t\t\t\t<\/div>\n\t\t\t\t\t\t\t\t<\/div>\n\t\t\t\t<\/div>\n\t\t\t\t<div class=\"elementor-element elementor-element-96b6b76 elementor-align-center elementor-widget elementor-widget-button\" data-id=\"96b6b76\" data-element_type=\"widget\" data-widget_type=\"button.default\">\n\t\t\t\t<div class=\"elementor-widget-container\">\n\t\t\t\t\t\t\t\t\t<div class=\"elementor-button-wrapper\">\n\t\t\t\t\t<a class=\"elementor-button elementor-button-link elementor-size-sm\" href=\"mailto:educacao@womakerscode.org\">\n\t\t\t\t\t\t<span class=\"elementor-button-content-wrapper\">\n\t\t\t\t\t\t\t\t\t<span class=\"elementor-button-text\">Bootcamp<\/span>\n\t\t\t\t\t<\/span>\n\t\t\t\t\t<\/a>\n\t\t\t\t<\/div>\n\t\t\t\t\t\t\t\t<\/div>\n\t\t\t\t<\/div>\n\t\t\t\t\t<\/div>\n\t\t<\/div>\n\t\t\t\t\t<\/div>\n\t\t<\/section>\n\t\t\t\t\t<\/div>\n\t\t<\/div>\n\t\t\t\t\t<\/div>\n\t\t<\/section>\n\t\t\t\t<section class=\"elementor-section elementor-top-section elementor-element elementor-element-94cbdbc elementor-section-full_width elementor-section-height-default elementor-section-height-default\" data-id=\"94cbdbc\" data-element_type=\"section\" data-settings=\"{&quot;background_background&quot;:&quot;classic&quot;}\">\n\t\t\t\t\t\t<div class=\"elementor-container elementor-column-gap-default\">\n\t\t\t\t\t<div class=\"elementor-column elementor-col-50 elementor-top-column elementor-element elementor-element-68bcdf4\" data-id=\"68bcdf4\" data-element_type=\"column\" data-settings=\"{&quot;background_background&quot;:&quot;classic&quot;}\">\n\t\t\t<div class=\"elementor-widget-wrap elementor-element-populated\">\n\t\t\t\t\t\t<div class=\"elementor-element elementor-element-bdb7908 elementor-widget elementor-widget-heading\" data-id=\"bdb7908\" data-element_type=\"widget\" data-widget_type=\"heading.default\">\n\t\t\t\t<div class=\"elementor-widget-container\">\n\t\t\t\t\t<h2 class=\"elementor-heading-title elementor-size-default\">Newsletter<\/h2>\t\t\t\t<\/div>\n\t\t\t\t<\/div>\n\t\t\t\t<div class=\"elementor-element elementor-element-ee40fa7 elementor-widget elementor-widget-text-editor\" data-id=\"ee40fa7\" data-element_type=\"widget\" data-widget_type=\"text-editor.default\">\n\t\t\t\t<div class=\"elementor-widget-container\">\n\t\t\t\t\t\t\t\t\t<p>Receba conte\u00fados, dicas, oportunidades e tend\u00eancias sobre o mercado tech diretamente na sua caixa de entrada.<\/p>\t\t\t\t\t\t\t\t<\/div>\n\t\t\t\t<\/div>\n\t\t\t\t\t<\/div>\n\t\t<\/div>\n\t\t\t\t<div class=\"elementor-column elementor-col-50 elementor-top-column elementor-element elementor-element-5124240\" data-id=\"5124240\" data-element_type=\"column\" data-settings=\"{&quot;background_background&quot;:&quot;classic&quot;}\">\n\t\t\t<div class=\"elementor-widget-wrap elementor-element-populated\">\n\t\t\t\t\t\t<div class=\"elementor-element elementor-element-6a1a3c7 elementor-widget elementor-widget-html\" data-id=\"6a1a3c7\" data-element_type=\"widget\" data-widget_type=\"html.default\">\n\t\t\t\t<div class=\"elementor-widget-container\">\n\t\t\t\t\t<iframe src=\"https:\/\/womakerscode.substack.com\/embed\" width=\"480\" height=\"150\" style=\"border-radius: 0.75rem;border:1px solid #EEE; background:white;\" frameborder=\"0\" scrolling=\"no\"><\/iframe>\t\t\t\t<\/div>\n\t\t\t\t<\/div>\n\t\t\t\t\t<\/div>\n\t\t<\/div>\n\t\t\t\t\t<\/div>\n\t\t<\/section>\n\t\t\t\t<\/div>","protected":false},"excerpt":{"rendered":"<p>Fale com a WoMakersCode sobre projetos, parcerias e mulheres na tecnologia!<\/p>","protected":false},"author":5,"featured_media":1720,"parent":0,"menu_order":0,"comment_status":"closed","ping_status":"closed","template":"","meta":{"_acf_changed":false,"footnotes":""},"class_list":["post-9086","page","type-page","status-publish","has-post-thumbnail","hentry"],"acf":[],"yoast_head":"<!-- This site is optimized with the Yoast SEO plugin v26.1.1 - https:\/\/yoast.com\/wordpress\/plugins\/seo\/ -->\n<title>Contato &#8212; WoMakersCode<\/title>\n<meta name=\"description\" content=\"Fale com a WoMakersCode sobre projetos, parcerias e mulheres na tecnologia!\" \/>\n<meta name=\"robots\" content=\"index, follow, max-snippet:-1, max-image-preview:large, max-video-preview:-1\" \/>\n<link rel=\"canonical\" href=\"https:\/\/womakerscode.org\/es\/contato\/\" \/>\n<meta property=\"og:locale\" content=\"es_MX\" \/>\n<meta property=\"og:type\" content=\"article\" \/>\n<meta property=\"og:title\" content=\"Contato &#8212; WoMakersCode\" \/>\n<meta property=\"og:description\" content=\"Fale com a WoMakersCode sobre projetos, parcerias e mulheres na tecnologia!\" \/>\n<meta property=\"og:url\" content=\"https:\/\/womakerscode.org\/es\/contato\/\" \/>\n<meta property=\"og:site_name\" content=\"WoMakersCode\" \/>\n<meta property=\"article:publisher\" content=\"https:\/\/www.facebook.com\/womakerscode\/\" \/>\n<meta property=\"article:modified_time\" content=\"2025-10-08T16:56:56+00:00\" \/>\n<meta property=\"og:image\" content=\"https:\/\/womakerscode.org\/wp-content\/uploads\/2023\/07\/cover-front.jpg\" \/>\n\t<meta property=\"og:image:width\" content=\"1280\" \/>\n\t<meta property=\"og:image:height\" content=\"720\" \/>\n\t<meta property=\"og:image:type\" content=\"image\/jpeg\" \/>\n<meta name=\"twitter:card\" content=\"summary_large_image\" \/>\n<meta name=\"twitter:site\" content=\"@womakerscode\" \/>\n<meta name=\"twitter:label1\" content=\"Tiempo de lectura\" \/>\n\t<meta name=\"twitter:data1\" content=\"1 minuto\" \/>\n<script type=\"application\/ld+json\" class=\"yoast-schema-graph\">{\"@context\":\"https:\/\/schema.org\",\"@graph\":[{\"@type\":\"WebPage\",\"@id\":\"https:\/\/womakerscode.org\/contato\/\",\"url\":\"https:\/\/womakerscode.org\/contato\/\",\"name\":\"Contato &#8212; WoMakersCode\",\"isPartOf\":{\"@id\":\"https:\/\/womakerscode.org\/#website\"},\"primaryImageOfPage\":{\"@id\":\"https:\/\/womakerscode.org\/contato\/#primaryimage\"},\"image\":{\"@id\":\"https:\/\/womakerscode.org\/contato\/#primaryimage\"},\"thumbnailUrl\":\"https:\/\/womakerscode.org\/wp-content\/uploads\/2023\/07\/cover-front.jpg\",\"datePublished\":\"2025-02-19T19:38:25+00:00\",\"dateModified\":\"2025-10-08T16:56:56+00:00\",\"description\":\"Fale com a WoMakersCode sobre projetos, parcerias e mulheres na tecnologia!\",\"breadcrumb\":{\"@id\":\"https:\/\/womakerscode.org\/contato\/#breadcrumb\"},\"inLanguage\":\"es\",\"potentialAction\":[{\"@type\":\"ReadAction\",\"target\":[\"https:\/\/womakerscode.org\/contato\/\"]}]},{\"@type\":\"ImageObject\",\"inLanguage\":\"es\",\"@id\":\"https:\/\/womakerscode.org\/contato\/#primaryimage\",\"url\":\"https:\/\/womakerscode.org\/wp-content\/uploads\/2023\/07\/cover-front.jpg\",\"contentUrl\":\"https:\/\/womakerscode.org\/wp-content\/uploads\/2023\/07\/cover-front.jpg\",\"width\":1280,\"height\":720},{\"@type\":\"BreadcrumbList\",\"@id\":\"https:\/\/womakerscode.org\/contato\/#breadcrumb\",\"itemListElement\":[{\"@type\":\"ListItem\",\"position\":1,\"name\":\"blog\",\"item\":\"https:\/\/womakerscode.org\/\"},{\"@type\":\"ListItem\",\"position\":2,\"name\":\"Contato\"}]},{\"@type\":\"WebSite\",\"@id\":\"https:\/\/womakerscode.org\/#website\",\"url\":\"https:\/\/womakerscode.org\/\",\"name\":\"WoMakersCode\",\"description\":\"A WoMakersCode tem a miss\u00e3o de inspirar, educar e apoiar a empregabilidade de mulheres na \u00e1rea de tecnologia. Conhe\u00e7a nossos projetos!\",\"publisher\":{\"@id\":\"https:\/\/womakerscode.org\/#organization\"},\"potentialAction\":[{\"@type\":\"SearchAction\",\"target\":{\"@type\":\"EntryPoint\",\"urlTemplate\":\"https:\/\/womakerscode.org\/?s={search_term_string}\"},\"query-input\":{\"@type\":\"PropertyValueSpecification\",\"valueRequired\":true,\"valueName\":\"search_term_string\"}}],\"inLanguage\":\"es\"},{\"@type\":\"Organization\",\"@id\":\"https:\/\/womakerscode.org\/#organization\",\"name\":\"WoMakersCode\",\"url\":\"https:\/\/womakerscode.org\/\",\"logo\":{\"@type\":\"ImageObject\",\"inLanguage\":\"es\",\"@id\":\"https:\/\/womakerscode.org\/#\/schema\/logo\/image\/\",\"url\":\"https:\/\/womakerscode.org\/wp-content\/uploads\/2023\/07\/ong-womakerscode-thumb.png\",\"contentUrl\":\"https:\/\/womakerscode.org\/wp-content\/uploads\/2023\/07\/ong-womakerscode-thumb.png\",\"width\":855,\"height\":283,\"caption\":\"WoMakersCode\"},\"image\":{\"@id\":\"https:\/\/womakerscode.org\/#\/schema\/logo\/image\/\"},\"sameAs\":[\"https:\/\/www.facebook.com\/womakerscode\/\",\"https:\/\/x.com\/womakerscode\",\"https:\/\/www.linkedin.com\/company\/womakerscode\/\",\"https:\/\/instagram.com\/womakersgram\",\"https:\/\/www.youtube.com\/womakerscode\"]}]}<\/script>\n<!-- \/ Yoast SEO plugin. -->","yoast_head_json":{"title":"Contato &#8212; WoMakersCode","description":"Fale com a WoMakersCode sobre projetos, parcerias e mulheres na tecnologia!","robots":{"index":"index","follow":"follow","max-snippet":"max-snippet:-1","max-image-preview":"max-image-preview:large","max-video-preview":"max-video-preview:-1"},"canonical":"https:\/\/womakerscode.org\/es\/contato\/","og_locale":"es_MX","og_type":"article","og_title":"Contato &#8212; WoMakersCode","og_description":"Fale com a WoMakersCode sobre projetos, parcerias e mulheres na tecnologia!","og_url":"https:\/\/womakerscode.org\/es\/contato\/","og_site_name":"WoMakersCode","article_publisher":"https:\/\/www.facebook.com\/womakerscode\/","article_modified_time":"2025-10-08T16:56:56+00:00","og_image":[{"width":1280,"height":720,"url":"https:\/\/womakerscode.org\/wp-content\/uploads\/2023\/07\/cover-front.jpg","type":"image\/jpeg"}],"twitter_card":"summary_large_image","twitter_site":"@womakerscode","twitter_misc":{"Tiempo de lectura":"1 minuto"},"schema":{"@context":"https:\/\/schema.org","@graph":[{"@type":"WebPage","@id":"https:\/\/womakerscode.org\/contato\/","url":"https:\/\/womakerscode.org\/contato\/","name":"Contato &#8212; WoMakersCode","isPartOf":{"@id":"https:\/\/womakerscode.org\/#website"},"primaryImageOfPage":{"@id":"https:\/\/womakerscode.org\/contato\/#primaryimage"},"image":{"@id":"https:\/\/womakerscode.org\/contato\/#primaryimage"},"thumbnailUrl":"https:\/\/womakerscode.org\/wp-content\/uploads\/2023\/07\/cover-front.jpg","datePublished":"2025-02-19T19:38:25+00:00","dateModified":"2025-10-08T16:56:56+00:00","description":"Fale com a WoMakersCode sobre projetos, parcerias e mulheres na tecnologia!","breadcrumb":{"@id":"https:\/\/womakerscode.org\/contato\/#breadcrumb"},"inLanguage":"es","potentialAction":[{"@type":"ReadAction","target":["https:\/\/womakerscode.org\/contato\/"]}]},{"@type":"ImageObject","inLanguage":"es","@id":"https:\/\/womakerscode.org\/contato\/#primaryimage","url":"https:\/\/womakerscode.org\/wp-content\/uploads\/2023\/07\/cover-front.jpg","contentUrl":"https:\/\/womakerscode.org\/wp-content\/uploads\/2023\/07\/cover-front.jpg","width":1280,"height":720},{"@type":"BreadcrumbList","@id":"https:\/\/womakerscode.org\/contato\/#breadcrumb","itemListElement":[{"@type":"ListItem","position":1,"name":"blog","item":"https:\/\/womakerscode.org\/"},{"@type":"ListItem","position":2,"name":"Contato"}]},{"@type":"WebSite","@id":"https:\/\/womakerscode.org\/#website","url":"https:\/\/womakerscode.org\/","name":"WoMakersCode","description":"A WoMakersCode tem a miss\u00e3o de inspirar, educar e apoiar a empregabilidade de mulheres na \u00e1rea de tecnologia. Conhe\u00e7a nossos projetos!","publisher":{"@id":"https:\/\/womakerscode.org\/#organization"},"potentialAction":[{"@type":"SearchAction","target":{"@type":"EntryPoint","urlTemplate":"https:\/\/womakerscode.org\/?s={search_term_string}"},"query-input":{"@type":"PropertyValueSpecification","valueRequired":true,"valueName":"search_term_string"}}],"inLanguage":"es"},{"@type":"Organization","@id":"https:\/\/womakerscode.org\/#organization","name":"WoMakersCode","url":"https:\/\/womakerscode.org\/","logo":{"@type":"ImageObject","inLanguage":"es","@id":"https:\/\/womakerscode.org\/#\/schema\/logo\/image\/","url":"https:\/\/womakerscode.org\/wp-content\/uploads\/2023\/07\/ong-womakerscode-thumb.png","contentUrl":"https:\/\/womakerscode.org\/wp-content\/uploads\/2023\/07\/ong-womakerscode-thumb.png","width":855,"height":283,"caption":"WoMakersCode"},"image":{"@id":"https:\/\/womakerscode.org\/#\/schema\/logo\/image\/"},"sameAs":["https:\/\/www.facebook.com\/womakerscode\/","https:\/\/x.com\/womakerscode","https:\/\/www.linkedin.com\/company\/womakerscode\/","https:\/\/instagram.com\/womakersgram","https:\/\/www.youtube.com\/womakerscode"]}]}},"_links":{"self":[{"href":"https:\/\/womakerscode.org\/es\/wp-json\/wp\/v2\/pages\/9086","targetHints":{"allow":["GET"]}}],"collection":[{"href":"https:\/\/womakerscode.org\/es\/wp-json\/wp\/v2\/pages"}],"about":[{"href":"https:\/\/womakerscode.org\/es\/wp-json\/wp\/v2\/types\/page"}],"author":[{"embeddable":true,"href":"https:\/\/womakerscode.org\/es\/wp-json\/wp\/v2\/users\/5"}],"replies":[{"embeddable":true,"href":"https:\/\/womakerscode.org\/es\/wp-json\/wp\/v2\/comments?post=9086"}],"version-history":[{"count":25,"href":"https:\/\/womakerscode.org\/es\/wp-json\/wp\/v2\/pages\/9086\/revisions"}],"predecessor-version":[{"id":13885,"href":"https:\/\/womakerscode.org\/es\/wp-json\/wp\/v2\/pages\/9086\/revisions\/13885"}],"wp:featuredmedia":[{"embeddable":true,"href":"https:\/\/womakerscode.org\/es\/wp-json\/wp\/v2\/media\/1720"}],"wp:attachment":[{"href":"https:\/\/womakerscode.org\/es\/wp-json\/wp\/v2\/media?parent=9086"}],"curies":[{"name":"wp","href":"https:\/\/api.w.org\/{rel}","templated":true}]}}