{"id":10079,"date":"2025-02-27T08:06:13","date_gmt":"2025-02-27T11:06:13","guid":{"rendered":"https:\/\/womakerscode.org\/?page_id=10079"},"modified":"2025-03-05T12:32:58","modified_gmt":"2025-03-05T15:32:58","slug":"blog","status":"publish","type":"page","link":"https:\/\/womakerscode.org\/es\/blog\/","title":{"rendered":"Blog"},"content":{"rendered":"<div data-elementor-type=\"wp-post\" data-elementor-id=\"10079\" class=\"elementor elementor-10079\" data-elementor-post-type=\"page\">\n\t\t\t\t\t\t<section class=\"elementor-section elementor-top-section elementor-element elementor-element-3367ecd elementor-section-boxed elementor-section-height-default elementor-section-height-default\" data-id=\"3367ecd\" data-element_type=\"section\" data-settings=\"{&quot;background_background&quot;:&quot;classic&quot;}\">\n\t\t\t\t\t\t<div class=\"elementor-container elementor-column-gap-default\">\n\t\t\t\t\t<div class=\"elementor-column elementor-col-100 elementor-top-column elementor-element elementor-element-da81472\" data-id=\"da81472\" data-element_type=\"column\">\n\t\t\t<div class=\"elementor-widget-wrap elementor-element-populated\">\n\t\t\t\t\t\t<div class=\"elementor-element elementor-element-9864a6e elementor-widget elementor-widget-heading\" data-id=\"9864a6e\" data-element_type=\"widget\" data-widget_type=\"heading.default\">\n\t\t\t\t<div class=\"elementor-widget-container\">\n\t\t\t\t\t<h1 class=\"elementor-heading-title elementor-size-default\">Dicas e recursos para mulheres na tecnologia e para empresas que desejam construir locais de trabalho inclusivos onde elas possam prosperar.<\/h1>\t\t\t\t<\/div>\n\t\t\t\t<\/div>\n\t\t\t\t<div class=\"elementor-element elementor-element-d8a4053 elementor-widget elementor-widget-search\" data-id=\"d8a4053\" data-element_type=\"widget\" data-settings=\"{&quot;submit_trigger&quot;:&quot;key_enter&quot;,&quot;pagination_type_options&quot;:&quot;none&quot;}\" data-widget_type=\"search.default\">\n\t\t\t\t<div class=\"elementor-widget-container\">\n\t\t\t\t\t\t\t<search class=\"e-search hidden\" role=\"search\">\n\t\t\t<form class=\"e-search-form\" action=\"https:\/\/womakerscode.org\/es\/\" method=\"get\" data-trp-original-action=\"https:\/\/womakerscode.org\/es\">\n\n\t\t\t\t\n\t\t\t\t<label class=\"e-search-label\" for=\"search-d8a4053\">\n\t\t\t\t\t<span class=\"elementor-screen-only\">\n\t\t\t\t\t\tSearch\t\t\t\t\t<\/span>\n\t\t\t\t\t\t\t\t\t<\/label>\n\n\t\t\t\t<div class=\"e-search-input-wrapper\">\n\t\t\t\t\t<input id=\"search-d8a4053\" placeholder=\"Buscar por conte\u00fado\" class=\"e-search-input\" type=\"search\" name=\"s\" value=\"\" autocomplete=\"off\" role=\"combobox\" aria-autocomplete=\"list\" aria-expanded=\"false\" aria-controls=\"results-d8a4053\" aria-haspopup=\"listbox\">\n\t\t\t\t\t<svg aria-hidden=\"true\" class=\"e-font-icon-svg e-fas-times\" viewbox=\"0 0 352 512\" xmlns=\"http:\/\/www.w3.org\/2000\/svg\"><path d=\"M242.72 256l100.07-100.07c12.28-12.28 12.28-32.19 0-44.48l-22.24-22.24c-12.28-12.28-32.19-12.28-44.48 0L176 189.28 75.93 89.21c-12.28-12.28-32.19-12.28-44.48 0L9.21 111.45c-12.28 12.28-12.28 32.19 0 44.48L109.28 256 9.21 356.07c-12.28 12.28-12.28 32.19 0 44.48l22.24 22.24c12.28 12.28 32.2 12.28 44.48 0L176 322.72l100.07 100.07c12.28 12.28 32.2 12.28 44.48 0l22.24-22.24c12.28-12.28 12.28-32.19 0-44.48L242.72 256z\"><\/path><\/svg>\t\t\t\t\t\t\t\t\t\t<output id=\"results-d8a4053\" class=\"e-search-results-container hide-loader\" aria-live=\"polite\" aria-atomic=\"true\" aria-label=\"Results for search\" tabindex=\"0\">\n\t\t\t\t\t\t<div class=\"e-search-results\"><\/div>\n\t\t\t\t\t\t\t\t\t\t\t<\/output>\n\t\t\t\t\t\t\t\t\t<\/div>\n\t\t\t\t\n\t\t\t\t\n\t\t\t\t<button class=\"e-search-submit elementor-screen-only\" type=\"submit\" aria-label=\"Search\">\n\t\t\t\t\t\n\t\t\t\t\t\t\t\t\t<\/button>\n\t\t\t\t<input type=\"hidden\" name=\"e_search_props\" value=\"d8a4053-10079\">\n\t\t\t<input type=\"hidden\" name=\"trp-form-language\" value=\"es\"\/><\/form>\n\t\t<\/search>\n\t\t\t\t\t\t<\/div>\n\t\t\t\t<\/div>\n\t\t\t\t\t<\/div>\n\t\t<\/div>\n\t\t\t\t\t<\/div>\n\t\t<\/section>\n\t\t\t\t<section class=\"elementor-section elementor-top-section elementor-element elementor-element-72d591d9 elementor-section-content-middle elementor-section-full_width elementor-section-height-default elementor-section-height-default\" data-id=\"72d591d9\" data-element_type=\"section\" data-settings=\"{&quot;background_background&quot;:&quot;classic&quot;}\">\n\t\t\t\t\t\t<div class=\"elementor-container elementor-column-gap-default\">\n\t\t\t\t\t<div class=\"elementor-column elementor-col-100 elementor-top-column elementor-element elementor-element-24bdd60c\" data-id=\"24bdd60c\" data-element_type=\"column\">\n\t\t\t<div class=\"elementor-widget-wrap elementor-element-populated\">\n\t\t\t\t\t\t<div class=\"elementor-element elementor-element-a1ef105 elementor-posts__hover-none elementor-grid-4 elementor-posts--align-left elementor-grid-tablet-2 elementor-grid-mobile-1 elementor-posts--thumbnail-top elementor-widget elementor-widget-posts\" data-id=\"a1ef105\" data-element_type=\"widget\" data-settings=\"{&quot;cards_row_gap&quot;:{&quot;unit&quot;:&quot;px&quot;,&quot;size&quot;:30,&quot;sizes&quot;:[]},&quot;cards_columns&quot;:&quot;4&quot;,&quot;pagination_type&quot;:&quot;numbers&quot;,&quot;cards_row_gap_mobile&quot;:{&quot;unit&quot;:&quot;px&quot;,&quot;size&quot;:30,&quot;sizes&quot;:[]},&quot;cards_columns_tablet&quot;:&quot;2&quot;,&quot;cards_columns_mobile&quot;:&quot;1&quot;,&quot;cards_row_gap_tablet&quot;:{&quot;unit&quot;:&quot;px&quot;,&quot;size&quot;:&quot;&quot;,&quot;sizes&quot;:[]}}\" data-widget_type=\"posts.cards\">\n\t\t\t\t<div class=\"elementor-widget-container\">\n\t\t\t\t\t\t\t<div class=\"elementor-posts-container elementor-posts elementor-posts--skin-cards elementor-grid\" role=\"list\">\n\t\t\t\t<article class=\"elementor-post elementor-grid-item post-12666 post type-post status-publish format-standard has-post-thumbnail hentry category-latam\" role=\"listitem\">\n\t\t\t<div class=\"elementor-post__card\">\n\t\t\t\t<a class=\"elementor-post__thumbnail__link\" href=\"https:\/\/womakerscode.org\/es\/it-for-girls-formacion-gratuita-en-ciberseguridad-y-tecnologia-operacional-para-mujeres\/\" tabindex=\"-1\" ><div class=\"elementor-post__thumbnail\"><img fetchpriority=\"high\" decoding=\"async\" width=\"800\" height=\"418\" src=\"https:\/\/womakerscode.org\/wp-content\/uploads\/2025\/04\/post_1-1024x535.jpg\" class=\"attachment-large size-large wp-image-12667\" alt=\"\" srcset=\"https:\/\/womakerscode.org\/wp-content\/uploads\/2025\/04\/post_1-1024x535.jpg 1024w, https:\/\/womakerscode.org\/wp-content\/uploads\/2025\/04\/post_1-300x157.jpg 300w, https:\/\/womakerscode.org\/wp-content\/uploads\/2025\/04\/post_1-768x401.jpg 768w, https:\/\/womakerscode.org\/wp-content\/uploads\/2025\/04\/post_1.jpg 1200w\" sizes=\"(max-width: 800px) 100vw, 800px\" \/><\/div><\/a>\n\t\t\t\t<div class=\"elementor-post__badge\">latam<\/div>\n\t\t\t\t<div class=\"elementor-post__text\">\n\t\t\t\t<h2 class=\"elementor-post__title\">\n\t\t\t<a href=\"https:\/\/womakerscode.org\/es\/it-for-girls-formacion-gratuita-en-ciberseguridad-y-tecnologia-operacional-para-mujeres\/\" >\n\t\t\t\tIT for Girls: Formaci\u00f3n gratuita en Ciberseguridad y Tecnolog\u00eda Operacional para mujeres\t\t\t<\/a>\n\t\t<\/h2>\n\t\t\t\t<\/div>\n\t\t\t\t\t<\/div>\n\t\t<\/article>\n\t\t\t\t<article class=\"elementor-post elementor-grid-item post-7866 post type-post status-publish format-standard has-post-thumbnail hentry category-carreira tag-womakerscode\" role=\"listitem\">\n\t\t\t<div class=\"elementor-post__card\">\n\t\t\t\t<a class=\"elementor-post__thumbnail__link\" href=\"https:\/\/womakerscode.org\/es\/networking-profissional-mulheres-tecnologia\/\" tabindex=\"-1\" ><div class=\"elementor-post__thumbnail\"><img decoding=\"async\" width=\"800\" height=\"419\" src=\"https:\/\/womakerscode.org\/wp-content\/uploads\/2024\/08\/IWD-networking-blog-1024x536.webp\" class=\"attachment-large size-large wp-image-7867\" alt=\"\" srcset=\"https:\/\/womakerscode.org\/wp-content\/uploads\/2024\/08\/IWD-networking-blog-1024x536.webp 1024w, https:\/\/womakerscode.org\/wp-content\/uploads\/2024\/08\/IWD-networking-blog-300x157.webp 300w, https:\/\/womakerscode.org\/wp-content\/uploads\/2024\/08\/IWD-networking-blog-768x402.webp 768w, https:\/\/womakerscode.org\/wp-content\/uploads\/2024\/08\/IWD-networking-blog.webp 1200w\" sizes=\"(max-width: 800px) 100vw, 800px\" \/><\/div><\/a>\n\t\t\t\t<div class=\"elementor-post__badge\">carreira<\/div>\n\t\t\t\t<div class=\"elementor-post__text\">\n\t\t\t\t<h2 class=\"elementor-post__title\">\n\t\t\t<a href=\"https:\/\/womakerscode.org\/es\/networking-profissional-mulheres-tecnologia\/\" >\n\t\t\t\tO networking \u00e9 uma ferramenta poderosa para sua carreira\t\t\t<\/a>\n\t\t<\/h2>\n\t\t\t\t<\/div>\n\t\t\t\t\t<\/div>\n\t\t<\/article>\n\t\t\t\t<article class=\"elementor-post elementor-grid-item post-5405 post type-post status-publish format-standard has-post-thumbnail hentry category-inspiracao tag-ada-lovelace-day tag-womakerscode\" role=\"listitem\">\n\t\t\t<div class=\"elementor-post__card\">\n\t\t\t\t<a class=\"elementor-post__thumbnail__link\" href=\"https:\/\/womakerscode.org\/es\/ada-lovelace-day-a-primeira-programadora-do-mundo\/\" tabindex=\"-1\" ><div class=\"elementor-post__thumbnail\"><img decoding=\"async\" width=\"800\" height=\"533\" src=\"https:\/\/womakerscode.org\/wp-content\/uploads\/2023\/10\/64094c09d3e50572564eb2d7_753-ada-lovelace-20220502-portada-1024x682.png\" class=\"attachment-large size-large wp-image-5922\" alt=\"\" srcset=\"https:\/\/womakerscode.org\/wp-content\/uploads\/2023\/10\/64094c09d3e50572564eb2d7_753-ada-lovelace-20220502-portada-1024x682.png 1024w, https:\/\/womakerscode.org\/wp-content\/uploads\/2023\/10\/64094c09d3e50572564eb2d7_753-ada-lovelace-20220502-portada-300x200.png 300w, https:\/\/womakerscode.org\/wp-content\/uploads\/2023\/10\/64094c09d3e50572564eb2d7_753-ada-lovelace-20220502-portada-768x512.png 768w, https:\/\/womakerscode.org\/wp-content\/uploads\/2023\/10\/64094c09d3e50572564eb2d7_753-ada-lovelace-20220502-portada-1536x1023.png 1536w, https:\/\/womakerscode.org\/wp-content\/uploads\/2023\/10\/64094c09d3e50572564eb2d7_753-ada-lovelace-20220502-portada.png 1620w\" sizes=\"(max-width: 800px) 100vw, 800px\" \/><\/div><\/a>\n\t\t\t\t<div class=\"elementor-post__badge\">inspira\u00e7\u00e3o<\/div>\n\t\t\t\t<div class=\"elementor-post__text\">\n\t\t\t\t<h2 class=\"elementor-post__title\">\n\t\t\t<a href=\"https:\/\/womakerscode.org\/es\/ada-lovelace-day-a-primeira-programadora-do-mundo\/\" >\n\t\t\t\tAda Lovelace Day: a primeira programadora do mundo\t\t\t<\/a>\n\t\t<\/h2>\n\t\t\t\t<\/div>\n\t\t\t\t\t<\/div>\n\t\t<\/article>\n\t\t\t\t<\/div>\n\t\t\n\t\t\t\t\t\t<\/div>\n\t\t\t\t<\/div>\n\t\t\t\t\t<\/div>\n\t\t<\/div>\n\t\t\t\t\t<\/div>\n\t\t<\/section>\n\t\t\t\t<section class=\"elementor-section elementor-top-section elementor-element elementor-element-6d9b488 elementor-section-full_width elementor-section-height-default elementor-section-height-default\" data-id=\"6d9b488\" data-element_type=\"section\" data-settings=\"{&quot;background_background&quot;:&quot;classic&quot;}\">\n\t\t\t\t\t\t<div class=\"elementor-container elementor-column-gap-default\">\n\t\t\t\t\t<div class=\"elementor-column elementor-col-50 elementor-top-column elementor-element elementor-element-2e37a203\" data-id=\"2e37a203\" data-element_type=\"column\" data-settings=\"{&quot;background_background&quot;:&quot;classic&quot;}\">\n\t\t\t<div class=\"elementor-widget-wrap elementor-element-populated\">\n\t\t\t\t\t\t<div class=\"elementor-element elementor-element-5fad7b04 elementor-widget elementor-widget-heading\" data-id=\"5fad7b04\" data-element_type=\"widget\" data-widget_type=\"heading.default\">\n\t\t\t\t<div class=\"elementor-widget-container\">\n\t\t\t\t\t<h2 class=\"elementor-heading-title elementor-size-default\">Newsletter<\/h2>\t\t\t\t<\/div>\n\t\t\t\t<\/div>\n\t\t\t\t<div class=\"elementor-element elementor-element-4ec39e02 elementor-widget elementor-widget-text-editor\" data-id=\"4ec39e02\" data-element_type=\"widget\" data-widget_type=\"text-editor.default\">\n\t\t\t\t<div class=\"elementor-widget-container\">\n\t\t\t\t\t\t\t\t\t<p>Receba conte\u00fados, dicas, oportunidades e tend\u00eancias sobre o mercado tech diretamente na sua caixa de entrada.<\/p>\t\t\t\t\t\t\t\t<\/div>\n\t\t\t\t<\/div>\n\t\t\t\t\t<\/div>\n\t\t<\/div>\n\t\t\t\t<div class=\"elementor-column elementor-col-50 elementor-top-column elementor-element elementor-element-b9c29cc\" data-id=\"b9c29cc\" data-element_type=\"column\" data-settings=\"{&quot;background_background&quot;:&quot;classic&quot;}\">\n\t\t\t<div class=\"elementor-widget-wrap elementor-element-populated\">\n\t\t\t\t\t\t<div class=\"elementor-element elementor-element-233dd77f elementor-widget elementor-widget-html\" data-id=\"233dd77f\" data-element_type=\"widget\" data-widget_type=\"html.default\">\n\t\t\t\t<div class=\"elementor-widget-container\">\n\t\t\t\t\t<iframe src=\"https:\/\/womakerscode.substack.com\/embed\" width=\"480\" height=\"150\" style=\"border-radius: 0.75rem;border:1px solid #EEE; background:white;\" frameborder=\"0\" scrolling=\"no\"><\/iframe>\t\t\t\t<\/div>\n\t\t\t\t<\/div>\n\t\t\t\t\t<\/div>\n\t\t<\/div>\n\t\t\t\t\t<\/div>\n\t\t<\/section>\n\t\t\t\t<\/div>","protected":false},"excerpt":{"rendered":"<p>Em nosso blog voc\u00ea vai encontrar conte\u00fado sobre a nossa comunidade, tecnologia, lideran\u00e7a feminina e muito mais!<\/p>","protected":false},"author":5,"featured_media":1720,"parent":0,"menu_order":0,"comment_status":"closed","ping_status":"closed","template":"","meta":{"_acf_changed":false,"footnotes":""},"class_list":["post-10079","page","type-page","status-publish","has-post-thumbnail","hentry"],"acf":[],"yoast_head":"<!-- This site is optimized with the Yoast SEO plugin v26.1.1 - https:\/\/yoast.com\/wordpress\/plugins\/seo\/ -->\n<title>Blog &#8212; WoMakersCode<\/title>\n<meta name=\"description\" content=\"Em nosso blog voc\u00ea vai encontrar conte\u00fado sobre a nossa comunidade, tecnologia, lideran\u00e7a feminina e muito mais!\" \/>\n<meta name=\"robots\" content=\"index, follow, max-snippet:-1, max-image-preview:large, max-video-preview:-1\" \/>\n<link rel=\"canonical\" href=\"https:\/\/womakerscode.org\/es\/blog\/\" \/>\n<meta property=\"og:locale\" content=\"es_MX\" \/>\n<meta property=\"og:type\" content=\"article\" \/>\n<meta property=\"og:title\" content=\"Blog &#8212; WoMakersCode\" \/>\n<meta property=\"og:description\" content=\"Em nosso blog voc\u00ea vai encontrar conte\u00fado sobre a nossa comunidade, tecnologia, lideran\u00e7a feminina e muito mais!\" \/>\n<meta property=\"og:url\" content=\"https:\/\/womakerscode.org\/es\/blog\/\" \/>\n<meta property=\"og:site_name\" content=\"WoMakersCode\" \/>\n<meta property=\"article:publisher\" content=\"https:\/\/www.facebook.com\/womakerscode\/\" \/>\n<meta property=\"article:modified_time\" content=\"2025-03-05T15:32:58+00:00\" \/>\n<meta property=\"og:image\" content=\"https:\/\/womakerscode.org\/wp-content\/uploads\/2023\/07\/cover-front.jpg\" \/>\n\t<meta property=\"og:image:width\" content=\"1280\" \/>\n\t<meta property=\"og:image:height\" content=\"720\" \/>\n\t<meta property=\"og:image:type\" content=\"image\/jpeg\" \/>\n<meta name=\"twitter:card\" content=\"summary_large_image\" \/>\n<meta name=\"twitter:site\" content=\"@womakerscode\" \/>\n<meta name=\"twitter:label1\" content=\"Tiempo de lectura\" \/>\n\t<meta name=\"twitter:data1\" content=\"3 minutos\" \/>\n<script type=\"application\/ld+json\" class=\"yoast-schema-graph\">{\"@context\":\"https:\/\/schema.org\",\"@graph\":[{\"@type\":\"WebPage\",\"@id\":\"https:\/\/womakerscode.org\/blog\/\",\"url\":\"https:\/\/womakerscode.org\/blog\/\",\"name\":\"Blog &#8212; WoMakersCode\",\"isPartOf\":{\"@id\":\"https:\/\/womakerscode.org\/#website\"},\"primaryImageOfPage\":{\"@id\":\"https:\/\/womakerscode.org\/blog\/#primaryimage\"},\"image\":{\"@id\":\"https:\/\/womakerscode.org\/blog\/#primaryimage\"},\"thumbnailUrl\":\"https:\/\/womakerscode.org\/wp-content\/uploads\/2023\/07\/cover-front.jpg\",\"datePublished\":\"2025-02-27T11:06:13+00:00\",\"dateModified\":\"2025-03-05T15:32:58+00:00\",\"description\":\"Em nosso blog voc\u00ea vai encontrar conte\u00fado sobre a nossa comunidade, tecnologia, lideran\u00e7a feminina e muito mais!\",\"breadcrumb\":{\"@id\":\"https:\/\/womakerscode.org\/blog\/#breadcrumb\"},\"inLanguage\":\"es\",\"potentialAction\":[{\"@type\":\"ReadAction\",\"target\":[\"https:\/\/womakerscode.org\/blog\/\"]}]},{\"@type\":\"ImageObject\",\"inLanguage\":\"es\",\"@id\":\"https:\/\/womakerscode.org\/blog\/#primaryimage\",\"url\":\"https:\/\/womakerscode.org\/wp-content\/uploads\/2023\/07\/cover-front.jpg\",\"contentUrl\":\"https:\/\/womakerscode.org\/wp-content\/uploads\/2023\/07\/cover-front.jpg\",\"width\":1280,\"height\":720},{\"@type\":\"BreadcrumbList\",\"@id\":\"https:\/\/womakerscode.org\/blog\/#breadcrumb\",\"itemListElement\":[{\"@type\":\"ListItem\",\"position\":1,\"name\":\"blog\",\"item\":\"https:\/\/womakerscode.org\/\"},{\"@type\":\"ListItem\",\"position\":2,\"name\":\"Blog\"}]},{\"@type\":\"WebSite\",\"@id\":\"https:\/\/womakerscode.org\/#website\",\"url\":\"https:\/\/womakerscode.org\/\",\"name\":\"WoMakersCode\",\"description\":\"A WoMakersCode tem a miss\u00e3o de inspirar, educar e apoiar a empregabilidade de mulheres na \u00e1rea de tecnologia. Conhe\u00e7a nossos projetos!\",\"publisher\":{\"@id\":\"https:\/\/womakerscode.org\/#organization\"},\"potentialAction\":[{\"@type\":\"SearchAction\",\"target\":{\"@type\":\"EntryPoint\",\"urlTemplate\":\"https:\/\/womakerscode.org\/?s={search_term_string}\"},\"query-input\":{\"@type\":\"PropertyValueSpecification\",\"valueRequired\":true,\"valueName\":\"search_term_string\"}}],\"inLanguage\":\"es\"},{\"@type\":\"Organization\",\"@id\":\"https:\/\/womakerscode.org\/#organization\",\"name\":\"WoMakersCode\",\"url\":\"https:\/\/womakerscode.org\/\",\"logo\":{\"@type\":\"ImageObject\",\"inLanguage\":\"es\",\"@id\":\"https:\/\/womakerscode.org\/#\/schema\/logo\/image\/\",\"url\":\"https:\/\/womakerscode.org\/wp-content\/uploads\/2023\/07\/ong-womakerscode-thumb.png\",\"contentUrl\":\"https:\/\/womakerscode.org\/wp-content\/uploads\/2023\/07\/ong-womakerscode-thumb.png\",\"width\":855,\"height\":283,\"caption\":\"WoMakersCode\"},\"image\":{\"@id\":\"https:\/\/womakerscode.org\/#\/schema\/logo\/image\/\"},\"sameAs\":[\"https:\/\/www.facebook.com\/womakerscode\/\",\"https:\/\/x.com\/womakerscode\",\"https:\/\/www.linkedin.com\/company\/womakerscode\/\",\"https:\/\/instagram.com\/womakersgram\",\"https:\/\/www.youtube.com\/womakerscode\"]}]}<\/script>\n<!-- \/ Yoast SEO plugin. -->","yoast_head_json":{"title":"Blog &#8212; WoMakersCode","description":"Em nosso blog voc\u00ea vai encontrar conte\u00fado sobre a nossa comunidade, tecnologia, lideran\u00e7a feminina e muito mais!","robots":{"index":"index","follow":"follow","max-snippet":"max-snippet:-1","max-image-preview":"max-image-preview:large","max-video-preview":"max-video-preview:-1"},"canonical":"https:\/\/womakerscode.org\/es\/blog\/","og_locale":"es_MX","og_type":"article","og_title":"Blog &#8212; WoMakersCode","og_description":"Em nosso blog voc\u00ea vai encontrar conte\u00fado sobre a nossa comunidade, tecnologia, lideran\u00e7a feminina e muito mais!","og_url":"https:\/\/womakerscode.org\/es\/blog\/","og_site_name":"WoMakersCode","article_publisher":"https:\/\/www.facebook.com\/womakerscode\/","article_modified_time":"2025-03-05T15:32:58+00:00","og_image":[{"width":1280,"height":720,"url":"https:\/\/womakerscode.org\/wp-content\/uploads\/2023\/07\/cover-front.jpg","type":"image\/jpeg"}],"twitter_card":"summary_large_image","twitter_site":"@womakerscode","twitter_misc":{"Tiempo de lectura":"3 minutos"},"schema":{"@context":"https:\/\/schema.org","@graph":[{"@type":"WebPage","@id":"https:\/\/womakerscode.org\/blog\/","url":"https:\/\/womakerscode.org\/blog\/","name":"Blog &#8212; WoMakersCode","isPartOf":{"@id":"https:\/\/womakerscode.org\/#website"},"primaryImageOfPage":{"@id":"https:\/\/womakerscode.org\/blog\/#primaryimage"},"image":{"@id":"https:\/\/womakerscode.org\/blog\/#primaryimage"},"thumbnailUrl":"https:\/\/womakerscode.org\/wp-content\/uploads\/2023\/07\/cover-front.jpg","datePublished":"2025-02-27T11:06:13+00:00","dateModified":"2025-03-05T15:32:58+00:00","description":"Em nosso blog voc\u00ea vai encontrar conte\u00fado sobre a nossa comunidade, tecnologia, lideran\u00e7a feminina e muito mais!","breadcrumb":{"@id":"https:\/\/womakerscode.org\/blog\/#breadcrumb"},"inLanguage":"es","potentialAction":[{"@type":"ReadAction","target":["https:\/\/womakerscode.org\/blog\/"]}]},{"@type":"ImageObject","inLanguage":"es","@id":"https:\/\/womakerscode.org\/blog\/#primaryimage","url":"https:\/\/womakerscode.org\/wp-content\/uploads\/2023\/07\/cover-front.jpg","contentUrl":"https:\/\/womakerscode.org\/wp-content\/uploads\/2023\/07\/cover-front.jpg","width":1280,"height":720},{"@type":"BreadcrumbList","@id":"https:\/\/womakerscode.org\/blog\/#breadcrumb","itemListElement":[{"@type":"ListItem","position":1,"name":"blog","item":"https:\/\/womakerscode.org\/"},{"@type":"ListItem","position":2,"name":"Blog"}]},{"@type":"WebSite","@id":"https:\/\/womakerscode.org\/#website","url":"https:\/\/womakerscode.org\/","name":"WoMakersCode","description":"A WoMakersCode tem a miss\u00e3o de inspirar, educar e apoiar a empregabilidade de mulheres na \u00e1rea de tecnologia. Conhe\u00e7a nossos projetos!","publisher":{"@id":"https:\/\/womakerscode.org\/#organization"},"potentialAction":[{"@type":"SearchAction","target":{"@type":"EntryPoint","urlTemplate":"https:\/\/womakerscode.org\/?s={search_term_string}"},"query-input":{"@type":"PropertyValueSpecification","valueRequired":true,"valueName":"search_term_string"}}],"inLanguage":"es"},{"@type":"Organization","@id":"https:\/\/womakerscode.org\/#organization","name":"WoMakersCode","url":"https:\/\/womakerscode.org\/","logo":{"@type":"ImageObject","inLanguage":"es","@id":"https:\/\/womakerscode.org\/#\/schema\/logo\/image\/","url":"https:\/\/womakerscode.org\/wp-content\/uploads\/2023\/07\/ong-womakerscode-thumb.png","contentUrl":"https:\/\/womakerscode.org\/wp-content\/uploads\/2023\/07\/ong-womakerscode-thumb.png","width":855,"height":283,"caption":"WoMakersCode"},"image":{"@id":"https:\/\/womakerscode.org\/#\/schema\/logo\/image\/"},"sameAs":["https:\/\/www.facebook.com\/womakerscode\/","https:\/\/x.com\/womakerscode","https:\/\/www.linkedin.com\/company\/womakerscode\/","https:\/\/instagram.com\/womakersgram","https:\/\/www.youtube.com\/womakerscode"]}]}},"_links":{"self":[{"href":"https:\/\/womakerscode.org\/es\/wp-json\/wp\/v2\/pages\/10079","targetHints":{"allow":["GET"]}}],"collection":[{"href":"https:\/\/womakerscode.org\/es\/wp-json\/wp\/v2\/pages"}],"about":[{"href":"https:\/\/womakerscode.org\/es\/wp-json\/wp\/v2\/types\/page"}],"author":[{"embeddable":true,"href":"https:\/\/womakerscode.org\/es\/wp-json\/wp\/v2\/users\/5"}],"replies":[{"embeddable":true,"href":"https:\/\/womakerscode.org\/es\/wp-json\/wp\/v2\/comments?post=10079"}],"version-history":[{"count":25,"href":"https:\/\/womakerscode.org\/es\/wp-json\/wp\/v2\/pages\/10079\/revisions"}],"predecessor-version":[{"id":11671,"href":"https:\/\/womakerscode.org\/es\/wp-json\/wp\/v2\/pages\/10079\/revisions\/11671"}],"wp:featuredmedia":[{"embeddable":true,"href":"https:\/\/womakerscode.org\/es\/wp-json\/wp\/v2\/media\/1720"}],"wp:attachment":[{"href":"https:\/\/womakerscode.org\/es\/wp-json\/wp\/v2\/media?parent=10079"}],"curies":[{"name":"wp","href":"https:\/\/api.w.org\/{rel}","templated":true}]}}